{"id":1272,"date":"2023-07-14T07:06:49","date_gmt":"2023-07-14T05:06:49","guid":{"rendered":"https:\/\/entrelindes.premiumservicios.dev\/get-to-know-us\/"},"modified":"2024-04-09T11:06:57","modified_gmt":"2024-04-09T09:06:57","slug":"get-to-know-us","status":"publish","type":"page","link":"https:\/\/entrelindes.premiumservicios.dev\/en\/get-to-know-us\/","title":{"rendered":"Get to know us"},"content":{"rendered":"<figure class=\"wp-block-image size-full\"><img loading=\"lazy\" decoding=\"async\" width=\"1920\" height=\"1280\" src=\"https:\/\/entrelindes.premiumservicios.dev\/wp-content\/uploads\/entrelindes_conocenos_hero_2_opt.jpg\" alt=\"\" class=\"wp-image-1775\" srcset=\"https:\/\/entrelindes.premiumservicios.dev\/wp-content\/uploads\/entrelindes_conocenos_hero_2_opt.jpg 1920w, https:\/\/entrelindes.premiumservicios.dev\/wp-content\/uploads\/entrelindes_conocenos_hero_2_opt-768x512.jpg 768w, https:\/\/entrelindes.premiumservicios.dev\/wp-content\/uploads\/entrelindes_conocenos_hero_2_opt-1536x1024.jpg 1536w, https:\/\/entrelindes.premiumservicios.dev\/wp-content\/uploads\/entrelindes_conocenos_hero_2_opt-600x400.jpg 600w\" sizes=\"auto, (max-width: 1920px) 100vw, 1920px\" \/><\/figure><h1 class=\"wp-block-heading\">Get t<span>o<\/span> know us<\/h1><figure class=\"wp-block-image size-full\"><img loading=\"lazy\" decoding=\"async\" width=\"1920\" height=\"770\" src=\"https:\/\/entrelindes.premiumservicios.dev\/wp-content\/uploads\/pie_arboles_opt.jpg\" alt=\"\" class=\"wp-image-346\" srcset=\"https:\/\/entrelindes.premiumservicios.dev\/wp-content\/uploads\/pie_arboles_opt.jpg 1920w, https:\/\/entrelindes.premiumservicios.dev\/wp-content\/uploads\/pie_arboles_opt-600x241.jpg 600w, https:\/\/entrelindes.premiumservicios.dev\/wp-content\/uploads\/pie_arboles_opt-768x308.jpg 768w, https:\/\/entrelindes.premiumservicios.dev\/wp-content\/uploads\/pie_arboles_opt-1536x616.jpg 1536w\" sizes=\"auto, (max-width: 1920px) 100vw, 1920px\" \/><\/figure><figure class=\"wp-block-image size-full\"><img loading=\"lazy\" decoding=\"async\" width=\"600\" height=\"800\" src=\"https:\/\/entrelindes.premiumservicios.dev\/wp-content\/uploads\/david-entrelindes-600x800-1.jpg\" alt=\"\" class=\"wp-image-2137\"\/><\/figure>Soy David T\u00f3rtola Bustos, viticultor y hace m\u00e1s de diez a\u00f1os, comenc\u00e9 a realizar vinificaciones experimentales para explorar el potencial de los vinos que nos ofrec\u00eda nuestro vi\u00f1edo, caracterizado por un terru\u00f1o profundo y delicado. Cultivamos nuestras propias uvas, y nuestro compromiso de buscar e interpretar la m\u00e1s alta calidad en nuestros vinos nos ha llevado a recuperar variedades locales de uva que hab\u00edan desaparecido por completo, con el fin de otorgar a nuestros vinos la distinci\u00f3n que merecen.\n\u201cPrincipalmente nuestro objetivo es revitalizar la viticultura y los vinos de nuestra zona\u201d<br\/><br\/>\u201cEntreLindes\u201d es un proyecto familiar ubicado en el coraz\u00f3n de Castilla-La Mancha, en Espa\u00f1a. Nos encontramos justo en el l\u00edmite de dos pueblos y provincias, siendo natales de Socu\u00e9llamos (C. Real) aunque la bodega se encuentra ubicada en la localidad de Villarrobledo (Albacete). A menos de 10 kil\u00f3metros tambi\u00e9n tenemos la provincia de (Cuenca), de esta casualidad del destino naci\u00f3 nuestro nombre.<br\/><br\/>Estamos en un entorno privilegiado por las cualidades y vegetaci\u00f3n que rodean nuestra finca donde se ubica la bodega. La flora y fauna que nos rodea ofrecen ese capricho natural que hacen a nuestros vinos tan peculiares.<br\/><br\/>Cultivamos nuestras propias uvas, y nuestro compromiso de buscar e interpretar la m\u00e1s alta calidad en nuestros vinos nos ha llevado a recuperar variedades locales de uva que hab\u00edan desaparecido por completo, con el fin de otorgar a nuestros vinos la distinci\u00f3n que merecen.<br\/><br\/>Toda nuestra producci\u00f3n se cultiva y procesa bajo la certificaci\u00f3n ORG\u00c1NICA, para respetar nuestro entorno y fusionarnos con \u00e9l en productos \u00fanicos.<br\/><h1 class=\"wp-block-heading\">Contact<\/h1>Tienes alguna duda o no encuentras el producto que est\u00e1s buscando, contacta con nuestros t\u00e9cnicos y te ayudamos&#8230;{je_datos-empresa_telefono-1}<figure class=\"wp-block-embed-youtube wp-block-embed is-type-video is-provider-youtube\"><div class=\"wp-block-embed__wrapper\">https:\/\/www.youtube.com\/watch?v=7DojDZgKw4k<\/div><\/figure>","protected":false},"excerpt":{"rendered":"<p>Get to know us Soy David T\u00f3rtola Bustos, viticultor y hace m\u00e1s de diez a\u00f1os, comenc\u00e9 a realizar vinificaciones experimentales para explorar el potencial de los vinos que nos ofrec\u00eda nuestro vi\u00f1edo, caracterizado por un terru\u00f1o profundo y delicado. Cultivamos nuestras propias uvas, y nuestro compromiso de buscar e interpretar la m\u00e1s alta calidad en [&hellip;]<\/p>\n","protected":false},"author":2,"featured_media":0,"parent":0,"menu_order":0,"comment_status":"closed","ping_status":"closed","template":"","meta":{"_joinchat":[],"footnotes":""},"class_list":["post-1272","page","type-page","status-publish","hentry"],"acf":[],"_links":{"self":[{"href":"https:\/\/entrelindes.premiumservicios.dev\/en\/wp-json\/wp\/v2\/pages\/1272","targetHints":{"allow":["GET"]}}],"collection":[{"href":"https:\/\/entrelindes.premiumservicios.dev\/en\/wp-json\/wp\/v2\/pages"}],"about":[{"href":"https:\/\/entrelindes.premiumservicios.dev\/en\/wp-json\/wp\/v2\/types\/page"}],"author":[{"embeddable":true,"href":"https:\/\/entrelindes.premiumservicios.dev\/en\/wp-json\/wp\/v2\/users\/2"}],"replies":[{"embeddable":true,"href":"https:\/\/entrelindes.premiumservicios.dev\/en\/wp-json\/wp\/v2\/comments?post=1272"}],"version-history":[{"count":18,"href":"https:\/\/entrelindes.premiumservicios.dev\/en\/wp-json\/wp\/v2\/pages\/1272\/revisions"}],"predecessor-version":[{"id":2278,"href":"https:\/\/entrelindes.premiumservicios.dev\/en\/wp-json\/wp\/v2\/pages\/1272\/revisions\/2278"}],"wp:attachment":[{"href":"https:\/\/entrelindes.premiumservicios.dev\/en\/wp-json\/wp\/v2\/media?parent=1272"}],"curies":[{"name":"wp","href":"https:\/\/api.w.org\/{rel}","templated":true}]}}